{"id":71,"date":"2012-11-08T17:14:32","date_gmt":"2012-11-08T16:14:32","guid":{"rendered":"http:\/\/webpage-photography.xn--photography-wrzburg-ibc.de\/?page_id=71"},"modified":"2017-03-02T19:15:06","modified_gmt":"2017-03-02T18:15:06","slug":"people","status":"publish","type":"page","link":"http:\/\/webpage-photography.xn--photography-wrzburg-ibc.de\/?page_id=71","title":{"rendered":"Portfolio"},"content":{"rendered":"<p style=\"text-align: center;\"><span style=\"font-family: helvetica,arial,sans-serif;\">&#8222;Die Erfindung der Photographie, so wird es popul\u00e4r gerne ausgedr\u00fcckt, hat die Malerei davon befreit,<\/span><\/p>\n<p style=\"text-align: center;\"><span style=\"font-family: helvetica,arial,sans-serif;\">Wirklichkeit abbilden zu m\u00fcssen, hat Genres wie das Portr\u00e4t und die Historienmalerei beerbt und zur<\/span><\/p>\n<p style=\"text-align: center;\"><span style=\"font-family: helvetica,arial,sans-serif;\">Entwicklung der Moderne beigetragen.&#8220;<\/span><\/p>\n<p style=\"text-align: right;\"><span style=\"font-family: helvetica,arial,sans-serif; font-size: 10pt;\">(Photographie des 20. Jahrhunderts, TASCHEN; 2001.)<\/span><\/p>\n<p>&nbsp;<\/p>\n<p><a href=\"http:\/\/webpage-photography.xn--photography-wrzburg-ibc.de\/wp-content\/uploads\/2012\/11\/Andreas_Kalbfleisch_SM_2012-11.jpg\"><img loading=\"lazy\" decoding=\"async\" class=\"aligncenter wp-image-133 size-full\" title=\"Dr. Andreas Schubert_SM_2012-1\" src=\"http:\/\/webpage-photography.xn--photography-wrzburg-ibc.de\/wp-content\/uploads\/2012\/11\/Andreas_Kalbfleisch_SM_2012-11.jpg\" height=\"768\" width=\"1152\" srcset=\"http:\/\/webpage-photography.xn--photography-wrzburg-ibc.de\/wp-content\/uploads\/2012\/11\/Andreas_Kalbfleisch_SM_2012-11.jpg 1152w, http:\/\/webpage-photography.xn--photography-wrzburg-ibc.de\/wp-content\/uploads\/2012\/11\/Andreas_Kalbfleisch_SM_2012-11-300x200.jpg 300w, http:\/\/webpage-photography.xn--photography-wrzburg-ibc.de\/wp-content\/uploads\/2012\/11\/Andreas_Kalbfleisch_SM_2012-11-1024x682.jpg 1024w\" sizes=\"auto, (max-width: 706px) 89vw, (max-width: 767px) 82vw, 740px\" \/><\/a><\/p>\n<p>&nbsp;<\/p>\n","protected":false},"excerpt":{"rendered":"<p>&#8222;Die Erfindung der Photographie, so wird es popul\u00e4r gerne ausgedr\u00fcckt, hat die Malerei davon befreit, Wirklichkeit abbilden zu m\u00fcssen, hat Genres wie das Portr\u00e4t und die Historienmalerei beerbt und zur Entwicklung der Moderne beigetragen.&#8220; (Photographie des 20. Jahrhunderts, TASCHEN; 2001.) &nbsp; &nbsp;<\/p>\n","protected":false},"author":1,"featured_media":0,"parent":0,"menu_order":0,"comment_status":"open","ping_status":"closed","template":"","meta":{"_bbp_topic_count":0,"_bbp_reply_count":0,"_bbp_total_topic_count":0,"_bbp_total_reply_count":0,"_bbp_voice_count":0,"_bbp_anonymous_reply_count":0,"_bbp_topic_count_hidden":0,"_bbp_reply_count_hidden":0,"_bbp_forum_subforum_count":0,"ngg_post_thumbnail":0,"footnotes":""},"class_list":["post-71","page","type-page","status-publish","hentry"],"yoast_head":"<!-- This site is optimized with the Yoast SEO plugin v27.5 - https:\/\/yoast.com\/product\/yoast-seo-wordpress\/ -->\n<title>Portfolio - Photography-W\u00fcrzburg<\/title>\n<meta name=\"robots\" content=\"index, follow, max-snippet:-1, max-image-preview:large, max-video-preview:-1\" \/>\n<link rel=\"canonical\" href=\"http:\/\/webpage-photography.xn--photography-wrzburg-ibc.de\/?page_id=71\" \/>\n<meta property=\"og:locale\" content=\"de_DE\" \/>\n<meta property=\"og:type\" content=\"article\" \/>\n<meta property=\"og:title\" content=\"Portfolio - Photography-W\u00fcrzburg\" \/>\n<meta property=\"og:description\" content=\"&#8222;Die Erfindung der Photographie, so wird es popul\u00e4r gerne ausgedr\u00fcckt, hat die Malerei davon befreit, Wirklichkeit abbilden zu m\u00fcssen, hat Genres wie das Portr\u00e4t und die Historienmalerei beerbt und zur Entwicklung der Moderne beigetragen.&#8220; (Photographie des 20. Jahrhunderts, TASCHEN; 2001.) &nbsp; &nbsp;\" \/>\n<meta property=\"og:url\" content=\"http:\/\/webpage-photography.xn--photography-wrzburg-ibc.de\/?page_id=71\" \/>\n<meta property=\"og:site_name\" content=\"Photography-W\u00fcrzburg\" \/>\n<meta property=\"article:modified_time\" content=\"2017-03-02T18:15:06+00:00\" \/>\n<meta property=\"og:image\" content=\"http:\/\/webpage-photography.xn--photography-wrzburg-ibc.de\/wp-content\/uploads\/2012\/11\/Andreas_Kalbfleisch_SM_2012-11.jpg\" \/>\n<meta name=\"twitter:card\" content=\"summary_large_image\" \/>\n<script type=\"application\/ld+json\" class=\"yoast-schema-graph\">{\"@context\":\"https:\\\/\\\/schema.org\",\"@graph\":[{\"@type\":\"WebPage\",\"@id\":\"http:\\\/\\\/webpage-photography.xn--photography-wrzburg-ibc.de\\\/?page_id=71\",\"url\":\"http:\\\/\\\/webpage-photography.xn--photography-wrzburg-ibc.de\\\/?page_id=71\",\"name\":\"Portfolio - Photography-W\u00fcrzburg\",\"isPartOf\":{\"@id\":\"http:\\\/\\\/webpage-photography.xn--photography-wrzburg-ibc.de\\\/#website\"},\"primaryImageOfPage\":{\"@id\":\"http:\\\/\\\/webpage-photography.xn--photography-wrzburg-ibc.de\\\/?page_id=71#primaryimage\"},\"image\":{\"@id\":\"http:\\\/\\\/webpage-photography.xn--photography-wrzburg-ibc.de\\\/?page_id=71#primaryimage\"},\"thumbnailUrl\":\"http:\\\/\\\/webpage-photography.xn--photography-wrzburg-ibc.de\\\/wp-content\\\/uploads\\\/2012\\\/11\\\/Andreas_Kalbfleisch_SM_2012-11.jpg\",\"datePublished\":\"2012-11-08T16:14:32+00:00\",\"dateModified\":\"2017-03-02T18:15:06+00:00\",\"breadcrumb\":{\"@id\":\"http:\\\/\\\/webpage-photography.xn--photography-wrzburg-ibc.de\\\/?page_id=71#breadcrumb\"},\"inLanguage\":\"de\",\"potentialAction\":[{\"@type\":\"ReadAction\",\"target\":[\"http:\\\/\\\/webpage-photography.xn--photography-wrzburg-ibc.de\\\/?page_id=71\"]}]},{\"@type\":\"ImageObject\",\"inLanguage\":\"de\",\"@id\":\"http:\\\/\\\/webpage-photography.xn--photography-wrzburg-ibc.de\\\/?page_id=71#primaryimage\",\"url\":\"http:\\\/\\\/webpage-photography.xn--photography-wrzburg-ibc.de\\\/wp-content\\\/uploads\\\/2012\\\/11\\\/Andreas_Kalbfleisch_SM_2012-11.jpg\",\"contentUrl\":\"http:\\\/\\\/webpage-photography.xn--photography-wrzburg-ibc.de\\\/wp-content\\\/uploads\\\/2012\\\/11\\\/Andreas_Kalbfleisch_SM_2012-11.jpg\",\"width\":\"1152\",\"height\":\"768\"},{\"@type\":\"BreadcrumbList\",\"@id\":\"http:\\\/\\\/webpage-photography.xn--photography-wrzburg-ibc.de\\\/?page_id=71#breadcrumb\",\"itemListElement\":[{\"@type\":\"ListItem\",\"position\":1,\"name\":\"Startseite\",\"item\":\"http:\\\/\\\/webpage-photography.xn--photography-wrzburg-ibc.de\\\/\"},{\"@type\":\"ListItem\",\"position\":2,\"name\":\"Portfolio\"}]},{\"@type\":\"WebSite\",\"@id\":\"http:\\\/\\\/webpage-photography.xn--photography-wrzburg-ibc.de\\\/#website\",\"url\":\"http:\\\/\\\/webpage-photography.xn--photography-wrzburg-ibc.de\\\/\",\"name\":\"Photography-W\u00fcrzburg\",\"description\":\"Dr. Andreas Schubert\",\"potentialAction\":[{\"@type\":\"SearchAction\",\"target\":{\"@type\":\"EntryPoint\",\"urlTemplate\":\"http:\\\/\\\/webpage-photography.xn--photography-wrzburg-ibc.de\\\/?s={search_term_string}\"},\"query-input\":{\"@type\":\"PropertyValueSpecification\",\"valueRequired\":true,\"valueName\":\"search_term_string\"}}],\"inLanguage\":\"de\"}]}<\/script>\n<!-- \/ Yoast SEO plugin. -->","yoast_head_json":{"title":"Portfolio - Photography-W\u00fcrzburg","robots":{"index":"index","follow":"follow","max-snippet":"max-snippet:-1","max-image-preview":"max-image-preview:large","max-video-preview":"max-video-preview:-1"},"canonical":"http:\/\/webpage-photography.xn--photography-wrzburg-ibc.de\/?page_id=71","og_locale":"de_DE","og_type":"article","og_title":"Portfolio - Photography-W\u00fcrzburg","og_description":"&#8222;Die Erfindung der Photographie, so wird es popul\u00e4r gerne ausgedr\u00fcckt, hat die Malerei davon befreit, Wirklichkeit abbilden zu m\u00fcssen, hat Genres wie das Portr\u00e4t und die Historienmalerei beerbt und zur Entwicklung der Moderne beigetragen.&#8220; (Photographie des 20. Jahrhunderts, TASCHEN; 2001.) &nbsp; &nbsp;","og_url":"http:\/\/webpage-photography.xn--photography-wrzburg-ibc.de\/?page_id=71","og_site_name":"Photography-W\u00fcrzburg","article_modified_time":"2017-03-02T18:15:06+00:00","og_image":[{"url":"http:\/\/webpage-photography.xn--photography-wrzburg-ibc.de\/wp-content\/uploads\/2012\/11\/Andreas_Kalbfleisch_SM_2012-11.jpg","type":"","width":"","height":""}],"twitter_card":"summary_large_image","schema":{"@context":"https:\/\/schema.org","@graph":[{"@type":"WebPage","@id":"http:\/\/webpage-photography.xn--photography-wrzburg-ibc.de\/?page_id=71","url":"http:\/\/webpage-photography.xn--photography-wrzburg-ibc.de\/?page_id=71","name":"Portfolio - Photography-W\u00fcrzburg","isPartOf":{"@id":"http:\/\/webpage-photography.xn--photography-wrzburg-ibc.de\/#website"},"primaryImageOfPage":{"@id":"http:\/\/webpage-photography.xn--photography-wrzburg-ibc.de\/?page_id=71#primaryimage"},"image":{"@id":"http:\/\/webpage-photography.xn--photography-wrzburg-ibc.de\/?page_id=71#primaryimage"},"thumbnailUrl":"http:\/\/webpage-photography.xn--photography-wrzburg-ibc.de\/wp-content\/uploads\/2012\/11\/Andreas_Kalbfleisch_SM_2012-11.jpg","datePublished":"2012-11-08T16:14:32+00:00","dateModified":"2017-03-02T18:15:06+00:00","breadcrumb":{"@id":"http:\/\/webpage-photography.xn--photography-wrzburg-ibc.de\/?page_id=71#breadcrumb"},"inLanguage":"de","potentialAction":[{"@type":"ReadAction","target":["http:\/\/webpage-photography.xn--photography-wrzburg-ibc.de\/?page_id=71"]}]},{"@type":"ImageObject","inLanguage":"de","@id":"http:\/\/webpage-photography.xn--photography-wrzburg-ibc.de\/?page_id=71#primaryimage","url":"http:\/\/webpage-photography.xn--photography-wrzburg-ibc.de\/wp-content\/uploads\/2012\/11\/Andreas_Kalbfleisch_SM_2012-11.jpg","contentUrl":"http:\/\/webpage-photography.xn--photography-wrzburg-ibc.de\/wp-content\/uploads\/2012\/11\/Andreas_Kalbfleisch_SM_2012-11.jpg","width":"1152","height":"768"},{"@type":"BreadcrumbList","@id":"http:\/\/webpage-photography.xn--photography-wrzburg-ibc.de\/?page_id=71#breadcrumb","itemListElement":[{"@type":"ListItem","position":1,"name":"Startseite","item":"http:\/\/webpage-photography.xn--photography-wrzburg-ibc.de\/"},{"@type":"ListItem","position":2,"name":"Portfolio"}]},{"@type":"WebSite","@id":"http:\/\/webpage-photography.xn--photography-wrzburg-ibc.de\/#website","url":"http:\/\/webpage-photography.xn--photography-wrzburg-ibc.de\/","name":"Photography-W\u00fcrzburg","description":"Dr. Andreas Schubert","potentialAction":[{"@type":"SearchAction","target":{"@type":"EntryPoint","urlTemplate":"http:\/\/webpage-photography.xn--photography-wrzburg-ibc.de\/?s={search_term_string}"},"query-input":{"@type":"PropertyValueSpecification","valueRequired":true,"valueName":"search_term_string"}}],"inLanguage":"de"}]}},"jetpack_sharing_enabled":true,"_links":{"self":[{"href":"http:\/\/webpage-photography.xn--photography-wrzburg-ibc.de\/index.php?rest_route=\/wp\/v2\/pages\/71","targetHints":{"allow":["GET"]}}],"collection":[{"href":"http:\/\/webpage-photography.xn--photography-wrzburg-ibc.de\/index.php?rest_route=\/wp\/v2\/pages"}],"about":[{"href":"http:\/\/webpage-photography.xn--photography-wrzburg-ibc.de\/index.php?rest_route=\/wp\/v2\/types\/page"}],"author":[{"embeddable":true,"href":"http:\/\/webpage-photography.xn--photography-wrzburg-ibc.de\/index.php?rest_route=\/wp\/v2\/users\/1"}],"replies":[{"embeddable":true,"href":"http:\/\/webpage-photography.xn--photography-wrzburg-ibc.de\/index.php?rest_route=%2Fwp%2Fv2%2Fcomments&post=71"}],"version-history":[{"count":14,"href":"http:\/\/webpage-photography.xn--photography-wrzburg-ibc.de\/index.php?rest_route=\/wp\/v2\/pages\/71\/revisions"}],"predecessor-version":[{"id":816,"href":"http:\/\/webpage-photography.xn--photography-wrzburg-ibc.de\/index.php?rest_route=\/wp\/v2\/pages\/71\/revisions\/816"}],"wp:attachment":[{"href":"http:\/\/webpage-photography.xn--photography-wrzburg-ibc.de\/index.php?rest_route=%2Fwp%2Fv2%2Fmedia&parent=71"}],"curies":[{"name":"wp","href":"https:\/\/api.w.org\/{rel}","templated":true}]}}