{"id":878,"date":"2017-03-08T15:13:04","date_gmt":"2017-03-08T14:13:04","guid":{"rendered":"http:\/\/webpage-photography.xn--photography-wrzburg-ibc.de\/?page_id=878"},"modified":"2019-09-23T07:18:30","modified_gmt":"2019-09-23T06:18:30","slug":"buergerbraeu-wuerzburg","status":"publish","type":"page","link":"http:\/\/webpage-photography.xn--photography-wrzburg-ibc.de\/?page_id=878","title":{"rendered":"B\u00fcrgerbr\u00e4u W\u00fcrzburg"},"content":{"rendered":"<p style=\"text-align: center;\">.<\/p>\n<p><a href=\"http:\/\/webpage-photography.xn--photography-wrzburg-ibc.de\/wp-content\/uploads\/2012\/11\/IMG_9350-Iiii.jpg\"><img loading=\"lazy\" decoding=\"async\" class=\"alignleft wp-image-857 size-large\" title=\"Dr Andreas Schubert W\u00fcrzburg+B\u00fcrgerbr\u00e4u W\u00fcrzburg\" src=\"http:\/\/webpage-photography.xn--photography-wrzburg-ibc.de\/wp-content\/uploads\/2012\/11\/IMG_9350-Iiii-1024x683.jpg\" width=\"525\" height=\"350\" srcset=\"http:\/\/webpage-photography.xn--photography-wrzburg-ibc.de\/wp-content\/uploads\/2012\/11\/IMG_9350-Iiii-1024x683.jpg 1024w, http:\/\/webpage-photography.xn--photography-wrzburg-ibc.de\/wp-content\/uploads\/2012\/11\/IMG_9350-Iiii-300x200.jpg 300w, http:\/\/webpage-photography.xn--photography-wrzburg-ibc.de\/wp-content\/uploads\/2012\/11\/IMG_9350-Iiii-768x512.jpg 768w, http:\/\/webpage-photography.xn--photography-wrzburg-ibc.de\/wp-content\/uploads\/2012\/11\/IMG_9350-Iiii.jpg 1152w\" sizes=\"auto, (max-width: 525px) 100vw, 525px\" \/><\/a><\/p>\n<p>&nbsp;<\/p>\n<p style=\"text-align: center;\">&nbsp;.<\/p>\n<p style=\"text-align: center;\">.<\/p>\n<p style=\"text-align: center;\"><a href=\"http:\/\/webpage-photography.xn--photography-wrzburg-ibc.de\/wp-content\/uploads\/2012\/11\/IMG_9745-i.jpg\"><img loading=\"lazy\" decoding=\"async\" class=\"alignleft wp-image-858 size-large\" title=\"Dr. Andreas Schubert &amp; Alexandra Frank W\u00fcrzburg \" src=\"http:\/\/webpage-photography.xn--photography-wrzburg-ibc.de\/wp-content\/uploads\/2012\/11\/IMG_9745-i-683x1024.jpg\" alt=\"\" width=\"525\" height=\"787\" srcset=\"http:\/\/webpage-photography.xn--photography-wrzburg-ibc.de\/wp-content\/uploads\/2012\/11\/IMG_9745-i-683x1024.jpg 683w, http:\/\/webpage-photography.xn--photography-wrzburg-ibc.de\/wp-content\/uploads\/2012\/11\/IMG_9745-i-200x300.jpg 200w, http:\/\/webpage-photography.xn--photography-wrzburg-ibc.de\/wp-content\/uploads\/2012\/11\/IMG_9745-i.jpg 768w\" sizes=\"auto, (max-width: 525px) 100vw, 525px\" \/><\/a><\/p>\n<p style=\"text-align: center;\">.<\/p>\n<p style=\"text-align: center;\">.<\/p>\n<p style=\"text-align: center;\"><a href=\"http:\/\/webpage-photography.xn--photography-wrzburg-ibc.de\/wp-content\/uploads\/2012\/11\/IMG_8793-i.jpg\"><img loading=\"lazy\" decoding=\"async\" class=\"alignleft wp-image-854 size-large\" title=\"Dr Andreas Schubert W\u00fcrzburg+B\u00fcrgerbr\u00e4u W\u00fcrzburg\" src=\"http:\/\/webpage-photography.xn--photography-wrzburg-ibc.de\/wp-content\/uploads\/2012\/11\/IMG_8793-i-683x1024.jpg\" width=\"525\" height=\"787\" srcset=\"http:\/\/webpage-photography.xn--photography-wrzburg-ibc.de\/wp-content\/uploads\/2012\/11\/IMG_8793-i-683x1024.jpg 683w, http:\/\/webpage-photography.xn--photography-wrzburg-ibc.de\/wp-content\/uploads\/2012\/11\/IMG_8793-i-200x300.jpg 200w, http:\/\/webpage-photography.xn--photography-wrzburg-ibc.de\/wp-content\/uploads\/2012\/11\/IMG_8793-i.jpg 768w\" sizes=\"auto, (max-width: 525px) 100vw, 525px\" \/><\/a><\/p>\n<p style=\"text-align: center;\">.<\/p>\n<p style=\"text-align: center;\">.<\/p>\n<p style=\"text-align: center;\"><a href=\"http:\/\/webpage-photography.xn--photography-wrzburg-ibc.de\/wp-content\/uploads\/2012\/11\/IMG_9944-ii.jpg\"><img loading=\"lazy\" decoding=\"async\" class=\"alignleft wp-image-863 size-large\" title=\"Dr. Andreas Schubert &amp; Alexandra Frank W\u00fcrzburg \" src=\"http:\/\/webpage-photography.xn--photography-wrzburg-ibc.de\/wp-content\/uploads\/2012\/11\/IMG_9944-ii-1024x683.jpg\" alt=\"\" width=\"525\" height=\"350\" srcset=\"http:\/\/webpage-photography.xn--photography-wrzburg-ibc.de\/wp-content\/uploads\/2012\/11\/IMG_9944-ii-1024x683.jpg 1024w, http:\/\/webpage-photography.xn--photography-wrzburg-ibc.de\/wp-content\/uploads\/2012\/11\/IMG_9944-ii-300x200.jpg 300w, http:\/\/webpage-photography.xn--photography-wrzburg-ibc.de\/wp-content\/uploads\/2012\/11\/IMG_9944-ii-768x512.jpg 768w, http:\/\/webpage-photography.xn--photography-wrzburg-ibc.de\/wp-content\/uploads\/2012\/11\/IMG_9944-ii.jpg 1152w\" sizes=\"auto, (max-width: 525px) 100vw, 525px\" \/><\/a><\/p>\n<p style=\"text-align: center;\">.<\/p>\n<p style=\"text-align: center;\">.<\/p>\n<p style=\"text-align: center;\"><a href=\"http:\/\/webpage-photography.xn--photography-wrzburg-ibc.de\/wp-content\/uploads\/2012\/11\/IMG_2420-ii.jpg\"><img loading=\"lazy\" decoding=\"async\" class=\"alignleft wp-image-842 size-large\" title=\"Dr. Andreas Schubert &amp; Swantja Martach W\u00fcrzburg \" src=\"http:\/\/webpage-photography.xn--photography-wrzburg-ibc.de\/wp-content\/uploads\/2012\/11\/IMG_2420-ii-683x1024.jpg\" alt=\"\" width=\"525\" height=\"787\" srcset=\"http:\/\/webpage-photography.xn--photography-wrzburg-ibc.de\/wp-content\/uploads\/2012\/11\/IMG_2420-ii-683x1024.jpg 683w, http:\/\/webpage-photography.xn--photography-wrzburg-ibc.de\/wp-content\/uploads\/2012\/11\/IMG_2420-ii-200x300.jpg 200w, http:\/\/webpage-photography.xn--photography-wrzburg-ibc.de\/wp-content\/uploads\/2012\/11\/IMG_2420-ii.jpg 768w\" sizes=\"auto, (max-width: 525px) 100vw, 525px\" \/><\/a><\/p>\n<p style=\"text-align: center;\">&nbsp;.<\/p>\n<p style=\"text-align: center;\">.<\/p>\n<p style=\"text-align: center;\">&nbsp;<\/p>\n<p style=\"text-align: center;\">.<\/p>\n<p style=\"text-align: center;\">.<\/p>\n<p style=\"text-align: center;\">&nbsp;<\/p>\n<p>&nbsp;<\/p>\n<p>&nbsp;<\/p>\n<p>&nbsp;<\/p>\n","protected":false},"excerpt":{"rendered":"<p>. &nbsp; &nbsp;. . . . . . . . &nbsp;. . &nbsp; . . &nbsp; &nbsp; &nbsp; &nbsp;<\/p>\n","protected":false},"author":1,"featured_media":0,"parent":0,"menu_order":0,"comment_status":"closed","ping_status":"closed","template":"","meta":{"_bbp_topic_count":0,"_bbp_reply_count":0,"_bbp_total_topic_count":0,"_bbp_total_reply_count":0,"_bbp_voice_count":0,"_bbp_anonymous_reply_count":0,"_bbp_topic_count_hidden":0,"_bbp_reply_count_hidden":0,"_bbp_forum_subforum_count":0,"ngg_post_thumbnail":0,"footnotes":""},"class_list":["post-878","page","type-page","status-publish","hentry"],"yoast_head":"<!-- This site is optimized with the Yoast SEO plugin v27.5 - https:\/\/yoast.com\/product\/yoast-seo-wordpress\/ -->\n<title>B\u00fcrgerbr\u00e4u W\u00fcrzburg - Photography-W\u00fcrzburg<\/title>\n<meta name=\"robots\" content=\"index, follow, max-snippet:-1, max-image-preview:large, max-video-preview:-1\" \/>\n<link rel=\"canonical\" href=\"http:\/\/webpage-photography.xn--photography-wrzburg-ibc.de\/?page_id=878\" \/>\n<meta property=\"og:locale\" content=\"de_DE\" \/>\n<meta property=\"og:type\" content=\"article\" \/>\n<meta property=\"og:title\" content=\"B\u00fcrgerbr\u00e4u W\u00fcrzburg - Photography-W\u00fcrzburg\" \/>\n<meta property=\"og:description\" content=\". &nbsp; &nbsp;. . . . . . . . &nbsp;. . &nbsp; . . &nbsp; &nbsp; &nbsp; &nbsp;\" \/>\n<meta property=\"og:url\" content=\"http:\/\/webpage-photography.xn--photography-wrzburg-ibc.de\/?page_id=878\" \/>\n<meta property=\"og:site_name\" content=\"Photography-W\u00fcrzburg\" \/>\n<meta property=\"article:modified_time\" content=\"2019-09-23T06:18:30+00:00\" \/>\n<meta property=\"og:image\" content=\"http:\/\/webpage-photography.xn--photography-wrzburg-ibc.de\/wp-content\/uploads\/2012\/11\/IMG_9350-Iiii-1024x683.jpg\" \/>\n<meta name=\"twitter:card\" content=\"summary_large_image\" \/>\n<script type=\"application\/ld+json\" class=\"yoast-schema-graph\">{\"@context\":\"https:\\\/\\\/schema.org\",\"@graph\":[{\"@type\":\"WebPage\",\"@id\":\"http:\\\/\\\/webpage-photography.xn--photography-wrzburg-ibc.de\\\/?page_id=878\",\"url\":\"http:\\\/\\\/webpage-photography.xn--photography-wrzburg-ibc.de\\\/?page_id=878\",\"name\":\"B\u00fcrgerbr\u00e4u W\u00fcrzburg - Photography-W\u00fcrzburg\",\"isPartOf\":{\"@id\":\"http:\\\/\\\/webpage-photography.xn--photography-wrzburg-ibc.de\\\/#website\"},\"primaryImageOfPage\":{\"@id\":\"http:\\\/\\\/webpage-photography.xn--photography-wrzburg-ibc.de\\\/?page_id=878#primaryimage\"},\"image\":{\"@id\":\"http:\\\/\\\/webpage-photography.xn--photography-wrzburg-ibc.de\\\/?page_id=878#primaryimage\"},\"thumbnailUrl\":\"http:\\\/\\\/webpage-photography.xn--photography-wrzburg-ibc.de\\\/wp-content\\\/uploads\\\/2012\\\/11\\\/IMG_9350-Iiii-1024x683.jpg\",\"datePublished\":\"2017-03-08T14:13:04+00:00\",\"dateModified\":\"2019-09-23T06:18:30+00:00\",\"breadcrumb\":{\"@id\":\"http:\\\/\\\/webpage-photography.xn--photography-wrzburg-ibc.de\\\/?page_id=878#breadcrumb\"},\"inLanguage\":\"de\",\"potentialAction\":[{\"@type\":\"ReadAction\",\"target\":[\"http:\\\/\\\/webpage-photography.xn--photography-wrzburg-ibc.de\\\/?page_id=878\"]}]},{\"@type\":\"ImageObject\",\"inLanguage\":\"de\",\"@id\":\"http:\\\/\\\/webpage-photography.xn--photography-wrzburg-ibc.de\\\/?page_id=878#primaryimage\",\"url\":\"http:\\\/\\\/webpage-photography.xn--photography-wrzburg-ibc.de\\\/wp-content\\\/uploads\\\/2012\\\/11\\\/IMG_9350-Iiii.jpg\",\"contentUrl\":\"http:\\\/\\\/webpage-photography.xn--photography-wrzburg-ibc.de\\\/wp-content\\\/uploads\\\/2012\\\/11\\\/IMG_9350-Iiii.jpg\",\"width\":1152,\"height\":768},{\"@type\":\"BreadcrumbList\",\"@id\":\"http:\\\/\\\/webpage-photography.xn--photography-wrzburg-ibc.de\\\/?page_id=878#breadcrumb\",\"itemListElement\":[{\"@type\":\"ListItem\",\"position\":1,\"name\":\"Startseite\",\"item\":\"http:\\\/\\\/webpage-photography.xn--photography-wrzburg-ibc.de\\\/\"},{\"@type\":\"ListItem\",\"position\":2,\"name\":\"B\u00fcrgerbr\u00e4u W\u00fcrzburg\"}]},{\"@type\":\"WebSite\",\"@id\":\"http:\\\/\\\/webpage-photography.xn--photography-wrzburg-ibc.de\\\/#website\",\"url\":\"http:\\\/\\\/webpage-photography.xn--photography-wrzburg-ibc.de\\\/\",\"name\":\"Photography-W\u00fcrzburg\",\"description\":\"Dr. Andreas Schubert\",\"potentialAction\":[{\"@type\":\"SearchAction\",\"target\":{\"@type\":\"EntryPoint\",\"urlTemplate\":\"http:\\\/\\\/webpage-photography.xn--photography-wrzburg-ibc.de\\\/?s={search_term_string}\"},\"query-input\":{\"@type\":\"PropertyValueSpecification\",\"valueRequired\":true,\"valueName\":\"search_term_string\"}}],\"inLanguage\":\"de\"}]}<\/script>\n<!-- \/ Yoast SEO plugin. -->","yoast_head_json":{"title":"B\u00fcrgerbr\u00e4u W\u00fcrzburg - Photography-W\u00fcrzburg","robots":{"index":"index","follow":"follow","max-snippet":"max-snippet:-1","max-image-preview":"max-image-preview:large","max-video-preview":"max-video-preview:-1"},"canonical":"http:\/\/webpage-photography.xn--photography-wrzburg-ibc.de\/?page_id=878","og_locale":"de_DE","og_type":"article","og_title":"B\u00fcrgerbr\u00e4u W\u00fcrzburg - Photography-W\u00fcrzburg","og_description":". &nbsp; &nbsp;. . . . . . . . &nbsp;. . &nbsp; . . &nbsp; &nbsp; &nbsp; &nbsp;","og_url":"http:\/\/webpage-photography.xn--photography-wrzburg-ibc.de\/?page_id=878","og_site_name":"Photography-W\u00fcrzburg","article_modified_time":"2019-09-23T06:18:30+00:00","og_image":[{"url":"http:\/\/webpage-photography.xn--photography-wrzburg-ibc.de\/wp-content\/uploads\/2012\/11\/IMG_9350-Iiii-1024x683.jpg","type":"","width":"","height":""}],"twitter_card":"summary_large_image","schema":{"@context":"https:\/\/schema.org","@graph":[{"@type":"WebPage","@id":"http:\/\/webpage-photography.xn--photography-wrzburg-ibc.de\/?page_id=878","url":"http:\/\/webpage-photography.xn--photography-wrzburg-ibc.de\/?page_id=878","name":"B\u00fcrgerbr\u00e4u W\u00fcrzburg - Photography-W\u00fcrzburg","isPartOf":{"@id":"http:\/\/webpage-photography.xn--photography-wrzburg-ibc.de\/#website"},"primaryImageOfPage":{"@id":"http:\/\/webpage-photography.xn--photography-wrzburg-ibc.de\/?page_id=878#primaryimage"},"image":{"@id":"http:\/\/webpage-photography.xn--photography-wrzburg-ibc.de\/?page_id=878#primaryimage"},"thumbnailUrl":"http:\/\/webpage-photography.xn--photography-wrzburg-ibc.de\/wp-content\/uploads\/2012\/11\/IMG_9350-Iiii-1024x683.jpg","datePublished":"2017-03-08T14:13:04+00:00","dateModified":"2019-09-23T06:18:30+00:00","breadcrumb":{"@id":"http:\/\/webpage-photography.xn--photography-wrzburg-ibc.de\/?page_id=878#breadcrumb"},"inLanguage":"de","potentialAction":[{"@type":"ReadAction","target":["http:\/\/webpage-photography.xn--photography-wrzburg-ibc.de\/?page_id=878"]}]},{"@type":"ImageObject","inLanguage":"de","@id":"http:\/\/webpage-photography.xn--photography-wrzburg-ibc.de\/?page_id=878#primaryimage","url":"http:\/\/webpage-photography.xn--photography-wrzburg-ibc.de\/wp-content\/uploads\/2012\/11\/IMG_9350-Iiii.jpg","contentUrl":"http:\/\/webpage-photography.xn--photography-wrzburg-ibc.de\/wp-content\/uploads\/2012\/11\/IMG_9350-Iiii.jpg","width":1152,"height":768},{"@type":"BreadcrumbList","@id":"http:\/\/webpage-photography.xn--photography-wrzburg-ibc.de\/?page_id=878#breadcrumb","itemListElement":[{"@type":"ListItem","position":1,"name":"Startseite","item":"http:\/\/webpage-photography.xn--photography-wrzburg-ibc.de\/"},{"@type":"ListItem","position":2,"name":"B\u00fcrgerbr\u00e4u W\u00fcrzburg"}]},{"@type":"WebSite","@id":"http:\/\/webpage-photography.xn--photography-wrzburg-ibc.de\/#website","url":"http:\/\/webpage-photography.xn--photography-wrzburg-ibc.de\/","name":"Photography-W\u00fcrzburg","description":"Dr. Andreas Schubert","potentialAction":[{"@type":"SearchAction","target":{"@type":"EntryPoint","urlTemplate":"http:\/\/webpage-photography.xn--photography-wrzburg-ibc.de\/?s={search_term_string}"},"query-input":{"@type":"PropertyValueSpecification","valueRequired":true,"valueName":"search_term_string"}}],"inLanguage":"de"}]}},"jetpack_sharing_enabled":true,"_links":{"self":[{"href":"http:\/\/webpage-photography.xn--photography-wrzburg-ibc.de\/index.php?rest_route=\/wp\/v2\/pages\/878","targetHints":{"allow":["GET"]}}],"collection":[{"href":"http:\/\/webpage-photography.xn--photography-wrzburg-ibc.de\/index.php?rest_route=\/wp\/v2\/pages"}],"about":[{"href":"http:\/\/webpage-photography.xn--photography-wrzburg-ibc.de\/index.php?rest_route=\/wp\/v2\/types\/page"}],"author":[{"embeddable":true,"href":"http:\/\/webpage-photography.xn--photography-wrzburg-ibc.de\/index.php?rest_route=\/wp\/v2\/users\/1"}],"replies":[{"embeddable":true,"href":"http:\/\/webpage-photography.xn--photography-wrzburg-ibc.de\/index.php?rest_route=%2Fwp%2Fv2%2Fcomments&post=878"}],"version-history":[{"count":7,"href":"http:\/\/webpage-photography.xn--photography-wrzburg-ibc.de\/index.php?rest_route=\/wp\/v2\/pages\/878\/revisions"}],"predecessor-version":[{"id":939,"href":"http:\/\/webpage-photography.xn--photography-wrzburg-ibc.de\/index.php?rest_route=\/wp\/v2\/pages\/878\/revisions\/939"}],"wp:attachment":[{"href":"http:\/\/webpage-photography.xn--photography-wrzburg-ibc.de\/index.php?rest_route=%2Fwp%2Fv2%2Fmedia&parent=878"}],"curies":[{"name":"wp","href":"https:\/\/api.w.org\/{rel}","templated":true}]}}